{"id":9286,"date":"2023-02-10T16:26:04","date_gmt":"2023-02-10T16:26:04","guid":{"rendered":"https:\/\/incentea-core.com\/solucoes\/"},"modified":"2023-04-05T09:41:49","modified_gmt":"2023-04-05T09:41:49","slug":"soluciones","status":"publish","type":"page","link":"https:\/\/incentea-core.com\/es\/soluciones\/","title":{"rendered":"Soluciones"},"content":{"rendered":"\t\t<div data-elementor-type=\"wp-page\" data-elementor-id=\"9286\" class=\"elementor elementor-9286 elementor-7933\" data-elementor-post-type=\"page\">\n\t\t\t\t\t\t<section class=\"elementor-section elementor-top-section elementor-element elementor-element-e656204 elementor-section-full_width elementor-section-height-default elementor-section-height-default\" data-id=\"e656204\" data-element_type=\"section\">\n\t\t\t\t\t\t<div class=\"elementor-container elementor-column-gap-default\">\n\t\t\t\t\t<div class=\"elementor-column elementor-col-50 elementor-top-column elementor-element elementor-element-9f73edb\" data-id=\"9f73edb\" data-element_type=\"column\">\n\t\t\t<div class=\"elementor-widget-wrap elementor-element-populated\">\n\t\t\t\t\t\t<div class=\"elementor-element elementor-element-73d6841 elementor-widget elementor-widget-heading\" data-id=\"73d6841\" data-element_type=\"widget\" data-widget_type=\"heading.default\">\n\t\t\t\t<div class=\"elementor-widget-container\">\n\t\t\t<h1 class=\"elementor-heading-title elementor-size-default\">SOLUCIONES CORE<\/h1>\t\t<\/div>\n\t\t\t\t<\/div>\n\t\t\t\t<div class=\"elementor-element elementor-element-ce51144 elementor-widget elementor-widget-heading\" data-id=\"ce51144\" data-element_type=\"widget\" data-widget_type=\"heading.default\">\n\t\t\t\t<div class=\"elementor-widget-container\">\n\t\t\t<h2 class=\"elementor-heading-title elementor-size-default\">Mejoramos el rendimiento de las empresas con tecnolog\u00eda Microsoft.<\/h2>\t\t<\/div>\n\t\t\t\t<\/div>\n\t\t\t\t\t<\/div>\n\t\t<\/div>\n\t\t\t\t<div class=\"elementor-column elementor-col-50 elementor-top-column elementor-element elementor-element-df6cfac\" data-id=\"df6cfac\" data-element_type=\"column\">\n\t\t\t<div class=\"elementor-widget-wrap\">\n\t\t\t\t\t\t\t<\/div>\n\t\t<\/div>\n\t\t\t\t\t<\/div>\n\t\t<\/section>\n\t\t\t\t<section class=\"elementor-section elementor-top-section elementor-element elementor-element-dc6aa96 elementor-section-full_width elementor-section-height-default elementor-section-height-default\" data-id=\"dc6aa96\" data-element_type=\"section\">\n\t\t\t\t\t\t<div class=\"elementor-container elementor-column-gap-default\">\n\t\t\t\t\t<div class=\"elementor-column elementor-col-100 elementor-top-column elementor-element elementor-element-24f5a73\" data-id=\"24f5a73\" data-element_type=\"column\">\n\t\t\t<div class=\"elementor-widget-wrap elementor-element-populated\">\n\t\t\t\t\t\t<section class=\"elementor-section elementor-inner-section elementor-element elementor-element-49bdaaa elementor-section-boxed elementor-section-height-default elementor-section-height-default\" data-id=\"49bdaaa\" data-element_type=\"section\">\n\t\t\t\t\t\t<div class=\"elementor-container elementor-column-gap-default\">\n\t\t\t\t\t<div class=\"elementor-column elementor-col-50 elementor-inner-column elementor-element elementor-element-1e0127b col-titulo-sol\" data-id=\"1e0127b\" data-element_type=\"column\">\n\t\t\t<div class=\"elementor-widget-wrap elementor-element-populated\">\n\t\t\t\t\t\t<div class=\"elementor-element elementor-element-8bd536f elementor-widget elementor-widget-text-editor\" data-id=\"8bd536f\" data-element_type=\"widget\" data-widget_type=\"text-editor.default\">\n\t\t\t\t<div class=\"elementor-widget-container\">\n\t\t\t\t\t\t\t<p>Soluciones<\/p>\t\t\t\t\t\t<\/div>\n\t\t\t\t<\/div>\n\t\t\t\t\t<\/div>\n\t\t<\/div>\n\t\t\t\t<div class=\"elementor-column elementor-col-50 elementor-inner-column elementor-element elementor-element-6d5a360\" data-id=\"6d5a360\" data-element_type=\"column\">\n\t\t\t<div class=\"elementor-widget-wrap elementor-element-populated\">\n\t\t\t\t\t\t\t<\/div>\n\t\t<\/div>\n\t\t\t\t\t<\/div>\n\t\t<\/section>\n\t\t\t\t<div class=\"elementor-element elementor-element-140b86e elementor-widget-mobile__width-inherit elementor-invisible elementor-widget elementor-widget-tp-blog-listout\" data-id=\"140b86e\" data-element_type=\"widget\" data-settings=\"{&quot;_animation&quot;:&quot;fadeIn&quot;,&quot;_animation_delay&quot;:1}\" data-widget_type=\"tp-blog-listout.default\">\n\t\t\t\t<div class=\"elementor-widget-container\">\n\t\t\t<div id=\"pt-plus-blog-post-list\" class=\"blog-list post69f1b7e9bfe20  list-isotope  blog-style-4 hover-image-style-1  \"  data-layout-type=\"fitRows\"   data-id=\"post69f1b7e9bfe20\" data-style=\"style-4\"  data-enable-isotope=\"1\"><div id=\"post69f1b7e9bfe20\" class=\"tp-row post-inner-loop post69f1b7e9bfe20   \"><div class=\"grid-item metro-item  tp-col-lg-4 tp-col-md-6 tp-col-sm-12 tp-col-12  \"><article id=\"post-12621\" class=\"post-12621 post type-post status-publish format-standard has-post-thumbnail hentry category-produtos\">\n\t<div class=\"blog-list-content\">\t\t\n\t\t<div class=\"post-content-bottom\">\n\t\t\t<a href=\"https:\/\/incentea-core.com\/es\/dynamics-365-business-central\/\" class=\"post-bg-image-content\"><div class=\"blog-bg-image-metro \" style=\"background:url(https:\/\/incentea-core.com\/wp-content\/uploads\/2021\/04\/pexels-fauxels-3182812-scaled.jpg) #f7f7f7;\"><\/div><\/a>\n\t\t\t<div class=\"post-metro-content\">\n\t\t\t\t\t\t\t\t<h3 class=\"post-title\">\r\n\t<a href=\"https:\/\/incentea-core.com\/es\/dynamics-365-business-central\/\" class=\"normal\">DYNAMICS 365 BUSINESS CENTRAL<\/a>\r\n<\/h3>\t\t\t\t\t\t\t\t\t<div class=\"post-hover-content\">\n\t\t\t\t\t\t<div class=\"entry-content\">\r\n\t<p>Piense solo en su negocio. Optimice sus operaciones con un ERP \u00fanico y completo.<\/p>\r\n<\/div>\t\t\t\t\t<\/div>\n\t\t\t\t\t\t\t\t\t\t\t\t\t\t\t<\/div>\n\t\t<\/div>\t\t\n\t<\/div>\n<\/article>\n<\/div><div class=\"grid-item metro-item  tp-col-lg-4 tp-col-md-6 tp-col-sm-12 tp-col-12  \"><article id=\"post-12623\" class=\"post-12623 post type-post status-publish format-standard has-post-thumbnail hentry category-produtos-es\">\n\t<div class=\"blog-list-content\">\t\t\n\t\t<div class=\"post-content-bottom\">\n\t\t\t<a href=\"https:\/\/incentea-core.com\/es\/core-payroll\/\" class=\"post-bg-image-content\"><div class=\"blog-bg-image-metro \" style=\"background:url(https:\/\/incentea-core.com\/wp-content\/uploads\/2021\/04\/attractive-black-woman-with-short-hair-joking-with-friends-their-workplace-during-break-1-scaled.jpg) #f7f7f7;\"><\/div><\/a>\n\t\t\t<div class=\"post-metro-content\">\n\t\t\t\t\t\t\t\t<h3 class=\"post-title\">\r\n\t<a href=\"https:\/\/incentea-core.com\/es\/core-payroll\/\" class=\"normal\">CORE PAYROLL<\/a>\r\n<\/h3>\t\t\t\t\t\t\t\t\t<div class=\"post-hover-content\">\n\t\t\t\t\t\t<div class=\"entry-content\">\r\n\t<p>Simplifique el procesamiento de salarios con un add-on certificado para Microsoft Dynamics 365 Business Central.<\/p>\r\n<\/div>\t\t\t\t\t<\/div>\n\t\t\t\t\t\t\t\t\t\t\t\t\t\t\t<\/div>\n\t\t<\/div>\t\t\n\t<\/div>\n<\/article>\n<\/div><div class=\"grid-item metro-item  tp-col-lg-4 tp-col-md-6 tp-col-sm-12 tp-col-12  \"><article id=\"post-12625\" class=\"post-12625 post type-post status-publish format-standard has-post-thumbnail hentry category-produtos category-produtos-en\">\n\t<div class=\"blog-list-content\">\t\t\n\t\t<div class=\"post-content-bottom\">\n\t\t\t<a href=\"https:\/\/incentea-core.com\/es\/working-on\/\" class=\"post-bg-image-content\"><div class=\"blog-bg-image-metro \" style=\"background:url(https:\/\/incentea-core.com\/wp-content\/uploads\/2021\/04\/young-happy-freelancer-working-computer-while-talking-smart-phone-bar-scaled.jpg) #f7f7f7;\"><\/div><\/a>\n\t\t\t<div class=\"post-metro-content\">\n\t\t\t\t\t\t\t\t<h3 class=\"post-title\">\r\n\t<a href=\"https:\/\/incentea-core.com\/es\/working-on\/\" class=\"normal\">WORKING ON<\/a>\r\n<\/h3>\t\t\t\t\t\t\t\t\t<div class=\"post-hover-content\">\n\t\t\t\t\t\t<div class=\"entry-content\">\r\n\t<p>D\u00e9 valor a las personas con el portal del colaborador disponible 365 d\u00edas al a\u00f1o.<\/p>\r\n<\/div>\t\t\t\t\t<\/div>\n\t\t\t\t\t\t\t\t\t\t\t\t\t\t\t<\/div>\n\t\t<\/div>\t\t\n\t<\/div>\n<\/article>\n<\/div><div class=\"grid-item metro-item  tp-col-lg-4 tp-col-md-6 tp-col-sm-12 tp-col-12  \"><article id=\"post-12627\" class=\"post-12627 post type-post status-publish format-standard has-post-thumbnail hentry category-produtos-es\">\n\t<div class=\"blog-list-content\">\t\t\n\t\t<div class=\"post-content-bottom\">\n\t\t\t<a href=\"https:\/\/incentea-core.com\/es\/dynamics-365-sales\/\" class=\"post-bg-image-content\"><div class=\"blog-bg-image-metro \" style=\"background:url(https:\/\/incentea-core.com\/wp-content\/uploads\/2021\/04\/pexels-emmy-e-2381094-scaled.jpg) #f7f7f7;\"><\/div><\/a>\n\t\t\t<div class=\"post-metro-content\">\n\t\t\t\t\t\t\t\t<h3 class=\"post-title\">\r\n\t<a href=\"https:\/\/incentea-core.com\/es\/dynamics-365-sales\/\" class=\"normal\">DYNAMICS 365 SALES<\/a>\r\n<\/h3>\t\t\t\t\t\t\t\t\t<div class=\"post-hover-content\">\n\t\t\t\t\t\t<div class=\"entry-content\">\r\n\t<p>Cree m\u00e1s oportunidades y gestione mejor a sus clientes con la herramienta m\u00e1s evolucionada.<\/p>\r\n<\/div>\t\t\t\t\t<\/div>\n\t\t\t\t\t\t\t\t\t\t\t\t\t\t\t<\/div>\n\t\t<\/div>\t\t\n\t<\/div>\n<\/article>\n<\/div><div class=\"grid-item metro-item  tp-col-lg-4 tp-col-md-6 tp-col-sm-12 tp-col-12  \"><article id=\"post-12629\" class=\"post-12629 post type-post status-publish format-standard has-post-thumbnail hentry category-produtos-es\">\n\t<div class=\"blog-list-content\">\t\t\n\t\t<div class=\"post-content-bottom\">\n\t\t\t<a href=\"https:\/\/incentea-core.com\/es\/dynamics-365-project-operations\/\" class=\"post-bg-image-content\"><div class=\"blog-bg-image-metro \" style=\"background:url(https:\/\/incentea-core.com\/wp-content\/uploads\/2021\/04\/HANDSO1-scaled.jpg) #f7f7f7;\"><\/div><\/a>\n\t\t\t<div class=\"post-metro-content\">\n\t\t\t\t\t\t\t\t<h3 class=\"post-title\">\r\n\t<a href=\"https:\/\/incentea-core.com\/es\/dynamics-365-project-operations\/\" class=\"normal\">DYNAMICS 365 PROJECT OPERATIONS<\/a>\r\n<\/h3>\t\t\t\t\t\t\t\t\t<div class=\"post-hover-content\">\n\t\t\t\t\t\t<div class=\"entry-content\">\r\n\t<p>Revolucione la gesti\u00f3n de proyectos con una gesti\u00f3n colaborativa de los componentes operativos y financieros.<\/p>\r\n<\/div>\t\t\t\t\t<\/div>\n\t\t\t\t\t\t\t\t\t\t\t\t\t\t\t<\/div>\n\t\t<\/div>\t\t\n\t<\/div>\n<\/article>\n<\/div><\/div><\/div>\t\t<\/div>\n\t\t\t\t<\/div>\n\t\t\t\t\t<\/div>\n\t\t<\/div>\n\t\t\t\t\t<\/div>\n\t\t<\/section>\n\t\t\t\t<\/div>\n\t\t","protected":false},"excerpt":{"rendered":"<p>SOLUCIONES CORE Mejoramos el rendimiento de las empresas con tecnolog\u00eda Microsoft. Soluciones DYNAMICS 365 BUSINESS CENTRAL Pense s\u00f3 no seu neg\u00f3cio. Otimize as suas opera\u00e7\u00f5es com um ERP \u00fanico e completo. CORE PAYROLL Simplifique o processamento salarial com um add-on certificado para Microsoft Dynamics Business Central. WORKING ON Valorize as suas pessoas com o portal [&hellip;]<\/p>\n","protected":false},"author":1,"featured_media":0,"parent":0,"menu_order":0,"comment_status":"closed","ping_status":"closed","template":"","meta":{"inline_featured_image":false,"footnotes":""},"class_list":["post-9286","page","type-page","status-publish","hentry"],"_links":{"self":[{"href":"https:\/\/incentea-core.com\/es\/wp-json\/wp\/v2\/pages\/9286","targetHints":{"allow":["GET"]}}],"collection":[{"href":"https:\/\/incentea-core.com\/es\/wp-json\/wp\/v2\/pages"}],"about":[{"href":"https:\/\/incentea-core.com\/es\/wp-json\/wp\/v2\/types\/page"}],"author":[{"embeddable":true,"href":"https:\/\/incentea-core.com\/es\/wp-json\/wp\/v2\/users\/1"}],"replies":[{"embeddable":true,"href":"https:\/\/incentea-core.com\/es\/wp-json\/wp\/v2\/comments?post=9286"}],"version-history":[{"count":0,"href":"https:\/\/incentea-core.com\/es\/wp-json\/wp\/v2\/pages\/9286\/revisions"}],"wp:attachment":[{"href":"https:\/\/incentea-core.com\/es\/wp-json\/wp\/v2\/media?parent=9286"}],"curies":[{"name":"wp","href":"https:\/\/api.w.org\/{rel}","templated":true}]}}