{"id":9284,"date":"2023-02-10T15:27:35","date_gmt":"2023-02-10T15:27:35","guid":{"rendered":"https:\/\/incentea-core.com\/core\/"},"modified":"2023-04-05T13:30:21","modified_gmt":"2023-04-05T13:30:21","slug":"core","status":"publish","type":"page","link":"https:\/\/incentea-core.com\/es\/core\/","title":{"rendered":"Core"},"content":{"rendered":"\t\t<div data-elementor-type=\"wp-page\" data-elementor-id=\"9284\" class=\"elementor elementor-9284 elementor-7968\" data-elementor-post-type=\"page\">\n\t\t\t\t\t\t<section class=\"elementor-section elementor-top-section elementor-element elementor-element-9d5df2d elementor-section-stretched elementor-reverse-tablet elementor-reverse-mobile elementor-section-boxed elementor-section-height-default elementor-section-height-default\" data-id=\"9d5df2d\" data-element_type=\"section\" data-settings=\"{&quot;stretch_section&quot;:&quot;section-stretched&quot;}\">\n\t\t\t\t\t\t<div class=\"elementor-container elementor-column-gap-extended\">\n\t\t\t\t\t<div class=\"elementor-column elementor-col-50 elementor-top-column elementor-element elementor-element-530957d\" data-id=\"530957d\" data-element_type=\"column\">\n\t\t\t<div class=\"elementor-widget-wrap elementor-element-populated\">\n\t\t\t\t\t\t<div class=\"elementor-element elementor-element-cca00a0 elementor-widget elementor-widget-image\" data-id=\"cca00a0\" data-element_type=\"widget\" data-widget_type=\"image.default\">\n\t\t\t\t<div class=\"elementor-widget-container\">\n\t\t\t\t\t\t\t\t\t\t\t\t\t<img fetchpriority=\"high\" decoding=\"async\" width=\"500\" height=\"600\" src=\"https:\/\/incentea-core.com\/wp-content\/uploads\/2023\/02\/home-1.jpg\" class=\"attachment-full size-full wp-image-7735\" alt=\"home 1\" srcset=\"https:\/\/incentea-core.com\/wp-content\/uploads\/2023\/02\/home-1.jpg 500w, https:\/\/incentea-core.com\/wp-content\/uploads\/2023\/02\/home-1-250x300.jpg 250w\" sizes=\"(max-width: 500px) 100vw, 500px\" \/>\t\t\t\t\t\t\t\t\t\t\t\t\t<\/div>\n\t\t\t\t<\/div>\n\t\t\t\t<div class=\"elementor-element elementor-element-1951410 elementor-widget__width-initial elementor-fixed elementor-hidden-tablet elementor-hidden-mobile elementor-hidden-laptop elementor-hidden-tablet_extra elementor-widget elementor-widget-html\" data-id=\"1951410\" data-element_type=\"widget\" data-settings=\"{&quot;_position&quot;:&quot;fixed&quot;}\" data-widget_type=\"html.default\">\n\t\t\t\t<div class=\"elementor-widget-container\">\n\t\t\t<script src=\"https:\/\/unpkg.com\/@lottiefiles\/lottie-player@latest\/dist\/lottie-player.js\"><\/script><lottie-player src=\"https:\/\/lottie.host\/8fb23e0a-3bb7-4a3c-b7f6-3cb6dbdc895c\/on6PEl8IZy.json\" background=\"transparent\" speed=\"1\" style=\"width: 650px; height: 650px;\" loop autoplay><\/lottie-player>\t\t<\/div>\n\t\t\t\t<\/div>\n\t\t\t\t<div class=\"elementor-element elementor-element-61126f6 elementor-widget__width-initial elementor-fixed elementor-hidden-desktop elementor-hidden-mobile elementor-widget elementor-widget-html\" data-id=\"61126f6\" data-element_type=\"widget\" data-settings=\"{&quot;_position&quot;:&quot;fixed&quot;}\" data-widget_type=\"html.default\">\n\t\t\t\t<div class=\"elementor-widget-container\">\n\t\t\t<script src=\"https:\/\/unpkg.com\/@lottiefiles\/lottie-player@latest\/dist\/lottie-player.js\"><\/script><lottie-player src=\"https:\/\/lottie.host\/8fb23e0a-3bb7-4a3c-b7f6-3cb6dbdc895c\/on6PEl8IZy.json\" background=\"transparent\" speed=\"1\" style=\"width: 550px; height: 550px;\" loop autoplay><\/lottie-player>\t\t<\/div>\n\t\t\t\t<\/div>\n\t\t\t\t<div class=\"elementor-element elementor-element-c896956 elementor-widget__width-initial elementor-fixed elementor-hidden-desktop elementor-hidden-tablet elementor-hidden-laptop elementor-hidden-tablet_extra elementor-widget elementor-widget-html\" data-id=\"c896956\" data-element_type=\"widget\" data-settings=\"{&quot;_position&quot;:&quot;fixed&quot;}\" data-widget_type=\"html.default\">\n\t\t\t\t<div class=\"elementor-widget-container\">\n\t\t\t<script src=\"https:\/\/unpkg.com\/@lottiefiles\/lottie-player@latest\/dist\/lottie-player.js\"><\/script><lottie-player src=\"https:\/\/lottie.host\/8fb23e0a-3bb7-4a3c-b7f6-3cb6dbdc895c\/on6PEl8IZy.json\" background=\"transparent\" speed=\"1\" style=\"width: 300px; height: 300px;\" loop autoplay><\/lottie-player>\t\t<\/div>\n\t\t\t\t<\/div>\n\t\t\t\t\t<\/div>\n\t\t<\/div>\n\t\t\t\t<div class=\"elementor-column elementor-col-50 elementor-top-column elementor-element elementor-element-51dd0bf\" data-id=\"51dd0bf\" data-element_type=\"column\" data-settings=\"{&quot;background_background&quot;:&quot;classic&quot;}\">\n\t\t\t<div class=\"elementor-widget-wrap elementor-element-populated\">\n\t\t\t\t\t\t<div class=\"elementor-element elementor-element-3cbf594 elementor-widget elementor-widget-heading\" data-id=\"3cbf594\" data-element_type=\"widget\" data-widget_type=\"heading.default\">\n\t\t\t\t<div class=\"elementor-widget-container\">\n\t\t\t<p class=\"elementor-heading-title elementor-size-default\">Construyendo hoy los sistemas del futuro<\/p>\t\t<\/div>\n\t\t\t\t<\/div>\n\t\t\t\t<div class=\"elementor-element elementor-element-626fa01 elementor-widget elementor-widget-heading\" data-id=\"626fa01\" data-element_type=\"widget\" data-widget_type=\"heading.default\">\n\t\t\t\t<div class=\"elementor-widget-container\">\n\t\t\t<h1 class=\"elementor-heading-title elementor-size-default\">inCentea Core<\/h1>\t\t<\/div>\n\t\t\t\t<\/div>\n\t\t\t\t<div class=\"elementor-element elementor-element-55e5641 elementor-widget elementor-widget-text-editor\" data-id=\"55e5641\" data-element_type=\"widget\" data-widget_type=\"text-editor.default\">\n\t\t\t\t<div class=\"elementor-widget-container\">\n\t\t\t\t\t\t\t<p>Somos una empresa de consuLtor\u00eda de sistemas de informaci\u00f3n que dise\u00f1a, implementa y mantiene soluciones de gesti\u00f3n de negocio basadas en la tecnolog\u00eda de Microsoft para el mercado ib\u00e9rico.<\/p><p>Bas\u00e1ndonos en el profundo conocimiento del negocio de nuestros clientes combinamos la funcionalidad integrada de las aplicaciones empresariales de Microsoft Dynamics con soluciones propias y de nuestros partners, para promover la transformaci\u00f3n digital y la mejora del rendimiento de cada organizaci\u00f3n.<\/p>\t\t\t\t\t\t<\/div>\n\t\t\t\t<\/div>\n\t\t\t\t<div class=\"elementor-element elementor-element-820ef36 elementor-widget elementor-widget-heading\" data-id=\"820ef36\" data-element_type=\"widget\" data-widget_type=\"heading.default\">\n\t\t\t\t<div class=\"elementor-widget-container\">\n\t\t\t<h2 class=\"elementor-heading-title elementor-size-default\">El Grupo inCentea<\/h2>\t\t<\/div>\n\t\t\t\t<\/div>\n\t\t\t\t<div class=\"elementor-element elementor-element-f68d164 elementor-widget elementor-widget-text-editor\" data-id=\"f68d164\" data-element_type=\"widget\" data-widget_type=\"text-editor.default\">\n\t\t\t\t<div class=\"elementor-widget-container\">\n\t\t\t\t\t\t\t<p>El Grupo inCentea est\u00e1 presente en 9 pa\u00edses con 360 colaboradores y ha conquistado, a lo largo de 35 a\u00f1os, la confianza de m\u00e1s de 3.000 clientes.<\/p><p>En 2022 tuvo un volumen de negocio de 21 millones de euros y fue reconocido por Microsoft como Partner SMB del a\u00f1o.<\/p>\t\t\t\t\t\t<\/div>\n\t\t\t\t<\/div>\n\t\t\t\t<div class=\"elementor-element elementor-element-27996ea elementor-absolute elementor-widget elementor-widget-image\" data-id=\"27996ea\" data-element_type=\"widget\" data-settings=\"{&quot;_position&quot;:&quot;absolute&quot;}\" data-widget_type=\"image.default\">\n\t\t\t\t<div class=\"elementor-widget-container\">\n\t\t\t\t\t\t\t\t\t\t\t\t\t<img decoding=\"async\" width=\"196\" height=\"196\" src=\"https:\/\/incentea-core.com\/wp-content\/uploads\/2023\/02\/elemento-1.png\" class=\"attachment-full size-full wp-image-7870\" alt=\"elemento 1\" srcset=\"https:\/\/incentea-core.com\/wp-content\/uploads\/2023\/02\/elemento-1.png 196w, https:\/\/incentea-core.com\/wp-content\/uploads\/2023\/02\/elemento-1-150x150.png 150w\" sizes=\"(max-width: 196px) 100vw, 196px\" \/>\t\t\t\t\t\t\t\t\t\t\t\t\t<\/div>\n\t\t\t\t<\/div>\n\t\t\t\t\t<\/div>\n\t\t<\/div>\n\t\t\t\t\t<\/div>\n\t\t<\/section>\n\t\t\t\t<\/div>\n\t\t","protected":false},"excerpt":{"rendered":"<p>Construyendo hoy los sistemas del futuro inCentea Core Somos una empresa de consuLtor\u00eda de sistemas de informaci\u00f3n que dise\u00f1a, implementa y mantiene soluciones de gesti\u00f3n de negocio basadas en la tecnolog\u00eda de Microsoft para el mercado ib\u00e9rico. Bas\u00e1ndonos en el profundo conocimiento del negocio de nuestros clientes combinamos la funcionalidad integrada de las aplicaciones empresariales [&hellip;]<\/p>\n","protected":false},"author":1,"featured_media":0,"parent":0,"menu_order":0,"comment_status":"closed","ping_status":"closed","template":"","meta":{"inline_featured_image":false,"footnotes":""},"class_list":["post-9284","page","type-page","status-publish","hentry"],"_links":{"self":[{"href":"https:\/\/incentea-core.com\/es\/wp-json\/wp\/v2\/pages\/9284","targetHints":{"allow":["GET"]}}],"collection":[{"href":"https:\/\/incentea-core.com\/es\/wp-json\/wp\/v2\/pages"}],"about":[{"href":"https:\/\/incentea-core.com\/es\/wp-json\/wp\/v2\/types\/page"}],"author":[{"embeddable":true,"href":"https:\/\/incentea-core.com\/es\/wp-json\/wp\/v2\/users\/1"}],"replies":[{"embeddable":true,"href":"https:\/\/incentea-core.com\/es\/wp-json\/wp\/v2\/comments?post=9284"}],"version-history":[{"count":1,"href":"https:\/\/incentea-core.com\/es\/wp-json\/wp\/v2\/pages\/9284\/revisions"}],"predecessor-version":[{"id":15393,"href":"https:\/\/incentea-core.com\/es\/wp-json\/wp\/v2\/pages\/9284\/revisions\/15393"}],"wp:attachment":[{"href":"https:\/\/incentea-core.com\/es\/wp-json\/wp\/v2\/media?parent=9284"}],"curies":[{"name":"wp","href":"https:\/\/api.w.org\/{rel}","templated":true}]}}