{"id":9285,"date":"2023-02-10T16:26:04","date_gmt":"2023-02-10T16:26:04","guid":{"rendered":"https:\/\/incentea-core.com\/solucoes\/"},"modified":"2024-11-19T09:54:01","modified_gmt":"2024-11-19T09:54:01","slug":"solucoes","status":"publish","type":"page","link":"https:\/\/incentea-core.com\/en\/solucoes\/","title":{"rendered":"Solutions"},"content":{"rendered":"\t\t<div data-elementor-type=\"wp-page\" data-elementor-id=\"9285\" class=\"elementor elementor-9285 elementor-7933\" data-elementor-post-type=\"page\">\n\t\t\t\t\t\t<section class=\"elementor-section elementor-top-section elementor-element elementor-element-e656204 elementor-section-full_width elementor-section-height-default elementor-section-height-default\" data-id=\"e656204\" data-element_type=\"section\">\n\t\t\t\t\t\t<div class=\"elementor-container elementor-column-gap-default\">\n\t\t\t\t\t<div class=\"elementor-column elementor-col-50 elementor-top-column elementor-element elementor-element-9f73edb\" data-id=\"9f73edb\" data-element_type=\"column\">\n\t\t\t<div class=\"elementor-widget-wrap elementor-element-populated\">\n\t\t\t\t\t\t<div class=\"elementor-element elementor-element-73d6841 elementor-widget elementor-widget-heading\" data-id=\"73d6841\" data-element_type=\"widget\" data-widget_type=\"heading.default\">\n\t\t\t\t<div class=\"elementor-widget-container\">\n\t\t\t<h1 class=\"elementor-heading-title elementor-size-default\">CORE SOLUTIONS<\/h1>\t\t<\/div>\n\t\t\t\t<\/div>\n\t\t\t\t<div class=\"elementor-element elementor-element-ce51144 elementor-widget elementor-widget-heading\" data-id=\"ce51144\" data-element_type=\"widget\" data-widget_type=\"heading.default\">\n\t\t\t\t<div class=\"elementor-widget-container\">\n\t\t\t<h2 class=\"elementor-heading-title elementor-size-default\">We improve company performance with Microsoft technology\u200b\n\n<\/h2>\t\t<\/div>\n\t\t\t\t<\/div>\n\t\t\t\t\t<\/div>\n\t\t<\/div>\n\t\t\t\t<div class=\"elementor-column elementor-col-50 elementor-top-column elementor-element elementor-element-df6cfac\" data-id=\"df6cfac\" data-element_type=\"column\">\n\t\t\t<div class=\"elementor-widget-wrap\">\n\t\t\t\t\t\t\t<\/div>\n\t\t<\/div>\n\t\t\t\t\t<\/div>\n\t\t<\/section>\n\t\t\t\t<section class=\"elementor-section elementor-top-section elementor-element elementor-element-dc6aa96 elementor-section-full_width elementor-section-height-default elementor-section-height-default\" data-id=\"dc6aa96\" data-element_type=\"section\">\n\t\t\t\t\t\t<div class=\"elementor-container elementor-column-gap-default\">\n\t\t\t\t\t<div class=\"elementor-column elementor-col-100 elementor-top-column elementor-element elementor-element-24f5a73\" data-id=\"24f5a73\" data-element_type=\"column\">\n\t\t\t<div class=\"elementor-widget-wrap elementor-element-populated\">\n\t\t\t\t\t\t<section class=\"elementor-section elementor-inner-section elementor-element elementor-element-49bdaaa elementor-section-boxed elementor-section-height-default elementor-section-height-default\" data-id=\"49bdaaa\" data-element_type=\"section\">\n\t\t\t\t\t\t<div class=\"elementor-container elementor-column-gap-default\">\n\t\t\t\t\t<div class=\"elementor-column elementor-col-50 elementor-inner-column elementor-element elementor-element-1e0127b col-titulo-sol\" data-id=\"1e0127b\" data-element_type=\"column\">\n\t\t\t<div class=\"elementor-widget-wrap elementor-element-populated\">\n\t\t\t\t\t\t<div class=\"elementor-element elementor-element-8bd536f elementor-widget elementor-widget-text-editor\" data-id=\"8bd536f\" data-element_type=\"widget\" data-widget_type=\"text-editor.default\">\n\t\t\t\t<div class=\"elementor-widget-container\">\n\t\t\t\t\t\t\t<p>Solutions<\/p>\t\t\t\t\t\t<\/div>\n\t\t\t\t<\/div>\n\t\t\t\t\t<\/div>\n\t\t<\/div>\n\t\t\t\t<div class=\"elementor-column elementor-col-50 elementor-inner-column elementor-element elementor-element-6d5a360\" data-id=\"6d5a360\" data-element_type=\"column\">\n\t\t\t<div class=\"elementor-widget-wrap elementor-element-populated\">\n\t\t\t\t\t\t\t<\/div>\n\t\t<\/div>\n\t\t\t\t\t<\/div>\n\t\t<\/section>\n\t\t\t\t<div class=\"elementor-element elementor-element-140b86e elementor-widget-mobile__width-inherit elementor-invisible elementor-widget elementor-widget-tp-blog-listout\" data-id=\"140b86e\" data-element_type=\"widget\" data-settings=\"{&quot;_animation&quot;:&quot;fadeIn&quot;,&quot;_animation_delay&quot;:1}\" data-widget_type=\"tp-blog-listout.default\">\n\t\t\t\t<div class=\"elementor-widget-container\">\n\t\t\t<div id=\"pt-plus-blog-post-list\" class=\"blog-list post69d27af34e834  list-isotope  blog-style-4 hover-image-style-1  \"  data-layout-type=\"fitRows\"   data-id=\"post69d27af34e834\" data-style=\"style-4\"  data-enable-isotope=\"1\"><div id=\"post69d27af34e834\" class=\"tp-row post-inner-loop post69d27af34e834   \"><div class=\"grid-item metro-item  tp-col-lg-4 tp-col-md-6 tp-col-sm-12 tp-col-12  \"><article id=\"post-15607\" class=\"post-15607 post type-post status-publish format-standard has-post-thumbnail hentry category-produtos-en tag-core-dragdrop\">\n\t<div class=\"blog-list-content\">\t\t\n\t\t<div class=\"post-content-bottom\">\n\t\t\t<a href=\"https:\/\/incentea-core.com\/en\/core-drag-and-drop\/\" class=\"post-bg-image-content\"><div class=\"blog-bg-image-metro \" style=\"background:url(https:\/\/incentea-core.com\/wp-content\/uploads\/2023\/12\/conversation-woman-office-happy-professionals-scaled.jpg) #f7f7f7;\"><\/div><\/a>\n\t\t\t<div class=\"post-metro-content\">\n\t\t\t\t\t\t\t\t<h3 class=\"post-title\">\r\n\t<a href=\"https:\/\/incentea-core.com\/en\/core-drag-and-drop\/\" class=\"normal\">Core Drag&#038;Drop<\/a>\r\n<\/h3>\t\t\t\t\t\t\t\t\t<div class=\"post-hover-content\">\n\t\t\t\t\t\t<div class=\"entry-content\">\r\n\t<p>Extens\u00e3o certificada para Microsoft Dynamics 365 Business Central.<\/p>\r\n<\/div>\t\t\t\t\t<\/div>\n\t\t\t\t\t\t\t\t\t\t\t\t\t\t\t<\/div>\n\t\t<\/div>\t\t\n\t<\/div>\n<\/article>\n<\/div><div class=\"grid-item metro-item  tp-col-lg-4 tp-col-md-6 tp-col-sm-12 tp-col-12  \"><article id=\"post-12622\" class=\"post-12622 post type-post status-publish format-standard has-post-thumbnail hentry category-produtos-en\">\n\t<div class=\"blog-list-content\">\t\t\n\t\t<div class=\"post-content-bottom\">\n\t\t\t<a href=\"https:\/\/incentea-core.com\/en\/core-payroll\/\" class=\"post-bg-image-content\"><div class=\"blog-bg-image-metro \" style=\"background:url(https:\/\/incentea-core.com\/wp-content\/uploads\/2021\/04\/attractive-black-woman-with-short-hair-joking-with-friends-their-workplace-during-break-1-scaled.jpg) #f7f7f7;\"><\/div><\/a>\n\t\t\t<div class=\"post-metro-content\">\n\t\t\t\t\t\t\t\t<h3 class=\"post-title\">\r\n\t<a href=\"https:\/\/incentea-core.com\/en\/core-payroll\/\" class=\"normal\">CORE PAYROLL<\/a>\r\n<\/h3>\t\t\t\t\t\t\t\t\t<div class=\"post-hover-content\">\n\t\t\t\t\t\t<div class=\"entry-content\">\r\n\t<p>Simplify payroll processing with a certified add-on for Microsoft Dynamics Business Central.<\/p>\r\n<\/div>\t\t\t\t\t<\/div>\n\t\t\t\t\t\t\t\t\t\t\t\t\t\t\t<\/div>\n\t\t<\/div>\t\t\n\t<\/div>\n<\/article>\n<\/div><div class=\"grid-item metro-item  tp-col-lg-4 tp-col-md-6 tp-col-sm-12 tp-col-12  \"><article id=\"post-12624\" class=\"post-12624 post type-post status-publish format-standard has-post-thumbnail hentry category-produtos-en\">\n\t<div class=\"blog-list-content\">\t\t\n\t\t<div class=\"post-content-bottom\">\n\t\t\t<a href=\"https:\/\/incentea-core.com\/en\/working-on\/\" class=\"post-bg-image-content\"><div class=\"blog-bg-image-metro \" style=\"background:url(https:\/\/incentea-core.com\/wp-content\/uploads\/2021\/04\/young-happy-freelancer-working-computer-while-talking-smart-phone-bar-scaled.jpg) #f7f7f7;\"><\/div><\/a>\n\t\t\t<div class=\"post-metro-content\">\n\t\t\t\t\t\t\t\t<h3 class=\"post-title\">\r\n\t<a href=\"https:\/\/incentea-core.com\/en\/working-on\/\" class=\"normal\">WORKING ON<\/a>\r\n<\/h3>\t\t\t\t\t\t\t\t\t<div class=\"post-hover-content\">\n\t\t\t\t\t\t<div class=\"entry-content\">\r\n\t<p>Value your people with the employee portal available 365 days a year on any device.<\/p>\r\n<\/div>\t\t\t\t\t<\/div>\n\t\t\t\t\t\t\t\t\t\t\t\t\t\t\t<\/div>\n\t\t<\/div>\t\t\n\t<\/div>\n<\/article>\n<\/div><div class=\"grid-item metro-item  tp-col-lg-4 tp-col-md-6 tp-col-sm-12 tp-col-12  \"><article id=\"post-12626\" class=\"post-12626 post type-post status-publish format-standard has-post-thumbnail hentry category-produtos-en\">\n\t<div class=\"blog-list-content\">\t\t\n\t\t<div class=\"post-content-bottom\">\n\t\t\t<a href=\"https:\/\/incentea-core.com\/en\/dynamics-365-sales\/\" class=\"post-bg-image-content\"><div class=\"blog-bg-image-metro \" style=\"background:url(https:\/\/incentea-core.com\/wp-content\/uploads\/2021\/04\/pexels-emmy-e-2381094-scaled.jpg) #f7f7f7;\"><\/div><\/a>\n\t\t\t<div class=\"post-metro-content\">\n\t\t\t\t\t\t\t\t<h3 class=\"post-title\">\r\n\t<a href=\"https:\/\/incentea-core.com\/en\/dynamics-365-sales\/\" class=\"normal\">DYNAMICS 365 SALES<\/a>\r\n<\/h3>\t\t\t\t\t\t\t\t\t<div class=\"post-hover-content\">\n\t\t\t\t\t\t<div class=\"entry-content\">\r\n\t<p>Create more opportunities and provide better support to your costumers with the most advanced tool<\/p>\r\n<\/div>\t\t\t\t\t<\/div>\n\t\t\t\t\t\t\t\t\t\t\t\t\t\t\t<\/div>\n\t\t<\/div>\t\t\n\t<\/div>\n<\/article>\n<\/div><div class=\"grid-item metro-item  tp-col-lg-4 tp-col-md-6 tp-col-sm-12 tp-col-12  \"><article id=\"post-12628\" class=\"post-12628 post type-post status-publish format-standard has-post-thumbnail hentry category-produtos-en\">\n\t<div class=\"blog-list-content\">\t\t\n\t\t<div class=\"post-content-bottom\">\n\t\t\t<a href=\"https:\/\/incentea-core.com\/en\/dynamics-365-project-operations\/\" class=\"post-bg-image-content\"><div class=\"blog-bg-image-metro \" style=\"background:url(https:\/\/incentea-core.com\/wp-content\/uploads\/2021\/04\/HANDSO1-scaled.jpg) #f7f7f7;\"><\/div><\/a>\n\t\t\t<div class=\"post-metro-content\">\n\t\t\t\t\t\t\t\t<h3 class=\"post-title\">\r\n\t<a href=\"https:\/\/incentea-core.com\/en\/dynamics-365-project-operations\/\" class=\"normal\">DYNAMICS 365 PROJECT OPERATIONS<\/a>\r\n<\/h3>\t\t\t\t\t\t\t\t\t<div class=\"post-hover-content\">\n\t\t\t\t\t\t<div class=\"entry-content\">\r\n\t<p>Revolutionize project management with collaborative management of operational and financial components.<\/p>\r\n<\/div>\t\t\t\t\t<\/div>\n\t\t\t\t\t\t\t\t\t\t\t\t\t\t\t<\/div>\n\t\t<\/div>\t\t\n\t<\/div>\n<\/article>\n<\/div><div class=\"grid-item metro-item  tp-col-lg-4 tp-col-md-6 tp-col-sm-12 tp-col-12  \"><article id=\"post-13475\" class=\"post-13475 post type-post status-publish format-standard has-post-thumbnail hentry category-produtos-en\">\n\t<div class=\"blog-list-content\">\t\t\n\t\t<div class=\"post-content-bottom\">\n\t\t\t<a href=\"https:\/\/incentea-core.com\/en\/dynamics-365-business-central-2\/\" class=\"post-bg-image-content\"><div class=\"blog-bg-image-metro \" style=\"background:url(https:\/\/incentea-core.com\/wp-content\/uploads\/2023\/12\/conversation-woman-office-happy-professionals-scaled.jpg) #f7f7f7;\"><\/div><\/a>\n\t\t\t<div class=\"post-metro-content\">\n\t\t\t\t\t\t\t\t<h3 class=\"post-title\">\r\n\t<a href=\"https:\/\/incentea-core.com\/en\/dynamics-365-business-central-2\/\" class=\"normal\">DYNAMICS 365 BUSINESS CENTRAL<\/a>\r\n<\/h3>\t\t\t\t\t\t\t\t\t<div class=\"post-hover-content\">\n\t\t\t\t\t\t<div class=\"entry-content\">\r\n\t<p>Just think about your business. Optimize your operations with a single, complete ERP.<\/p>\r\n<\/div>\t\t\t\t\t<\/div>\n\t\t\t\t\t\t\t\t\t\t\t\t\t\t\t<\/div>\n\t\t<\/div>\t\t\n\t<\/div>\n<\/article>\n<\/div><\/div><\/div>\t\t<\/div>\n\t\t\t\t<\/div>\n\t\t\t\t\t<\/div>\n\t\t<\/div>\n\t\t\t\t\t<\/div>\n\t\t<\/section>\n\t\t\t\t<\/div>\n\t\t","protected":false},"excerpt":{"rendered":"<p>CORE SOLUTIONS We improve company performance with Microsoft technology\u200b Solutions DYNAMICS 365 BUSINESS CENTRAL Pense s\u00f3 no seu neg\u00f3cio. Otimize as suas opera\u00e7\u00f5es com um ERP \u00fanico e completo. CORE PAYROLL Simplifique o processamento salarial com um add-on certificado para Microsoft Dynamics Business Central. WORKING ON Valorize as suas pessoas com o portal de colaborador [&hellip;]<\/p>\n","protected":false},"author":34,"featured_media":0,"parent":0,"menu_order":0,"comment_status":"closed","ping_status":"closed","template":"","meta":{"inline_featured_image":false,"footnotes":""},"class_list":["post-9285","page","type-page","status-publish","hentry"],"_links":{"self":[{"href":"https:\/\/incentea-core.com\/en\/wp-json\/wp\/v2\/pages\/9285","targetHints":{"allow":["GET"]}}],"collection":[{"href":"https:\/\/incentea-core.com\/en\/wp-json\/wp\/v2\/pages"}],"about":[{"href":"https:\/\/incentea-core.com\/en\/wp-json\/wp\/v2\/types\/page"}],"author":[{"embeddable":true,"href":"https:\/\/incentea-core.com\/en\/wp-json\/wp\/v2\/users\/34"}],"replies":[{"embeddable":true,"href":"https:\/\/incentea-core.com\/en\/wp-json\/wp\/v2\/comments?post=9285"}],"version-history":[{"count":8,"href":"https:\/\/incentea-core.com\/en\/wp-json\/wp\/v2\/pages\/9285\/revisions"}],"predecessor-version":[{"id":15182,"href":"https:\/\/incentea-core.com\/en\/wp-json\/wp\/v2\/pages\/9285\/revisions\/15182"}],"wp:attachment":[{"href":"https:\/\/incentea-core.com\/en\/wp-json\/wp\/v2\/media?parent=9285"}],"curies":[{"name":"wp","href":"https:\/\/api.w.org\/{rel}","templated":true}]}}